{"id":2131,"date":"2025-03-08T08:45:13","date_gmt":"2025-03-08T07:45:13","guid":{"rendered":"https:\/\/brasserielabourgogne.com\/?page_id=2131"},"modified":"2026-04-29T11:29:05","modified_gmt":"2026-04-29T09:29:05","slug":"suggestions","status":"publish","type":"page","link":"https:\/\/brasserielabourgogne.com\/index.php\/suggestions\/","title":{"rendered":"Suggestions"},"content":{"rendered":"\t\t<div data-elementor-type=\"wp-page\" data-elementor-id=\"2131\" class=\"elementor elementor-2131\">\n\t\t\t\t\t\t<section class=\"elementor-section elementor-top-section elementor-element elementor-element-1a78c5e elementor-section-boxed elementor-section-height-default elementor-section-height-default\" data-id=\"1a78c5e\" data-element_type=\"section\">\n\t\t\t\t\t\t<div class=\"elementor-container elementor-column-gap-default\">\n\t\t\t\t\t<div class=\"elementor-column elementor-col-100 elementor-top-column elementor-element elementor-element-d807c06\" data-id=\"d807c06\" data-element_type=\"column\">\n\t\t\t<div class=\"elementor-widget-wrap elementor-element-populated\">\n\t\t\t\t\t\t<div class=\"elementor-element elementor-element-30208be elementor-widget elementor-widget-heading\" data-id=\"30208be\" data-element_type=\"widget\" data-widget_type=\"heading.default\">\n\t\t\t\t<div class=\"elementor-widget-container\">\n\t\t\t<style>\/*! elementor - v3.20.0 - 20-03-2024 *\/\n.elementor-heading-title{padding:0;margin:0;line-height:1}.elementor-widget-heading .elementor-heading-title[class*=elementor-size-]>a{color:inherit;font-size:inherit;line-height:inherit}.elementor-widget-heading .elementor-heading-title.elementor-size-small{font-size:15px}.elementor-widget-heading .elementor-heading-title.elementor-size-medium{font-size:19px}.elementor-widget-heading .elementor-heading-title.elementor-size-large{font-size:29px}.elementor-widget-heading .elementor-heading-title.elementor-size-xl{font-size:39px}.elementor-widget-heading .elementor-heading-title.elementor-size-xxl{font-size:59px}<\/style><h2 class=\"elementor-heading-title elementor-size-default\">Les suggestions du Chef, Ap\u00e9ritif et vins du moment<\/h2>\t\t<\/div>\n\t\t\t\t<\/div>\n\t\t\t\t\t<\/div>\n\t\t<\/div>\n\t\t\t\t\t<\/div>\n\t\t<\/section>\n\t\t\t\t<section class=\"elementor-section elementor-top-section elementor-element elementor-element-a00ac46 elementor-section-boxed elementor-section-height-default elementor-section-height-default\" data-id=\"a00ac46\" data-element_type=\"section\">\n\t\t\t\t\t\t<div class=\"elementor-container elementor-column-gap-default\">\n\t\t\t\t\t<div class=\"elementor-column elementor-col-100 elementor-top-column elementor-element elementor-element-690db37\" data-id=\"690db37\" data-element_type=\"column\">\n\t\t\t<div class=\"elementor-widget-wrap elementor-element-populated\">\n\t\t\t\t\t\t<div class=\"elementor-element elementor-element-cf28e20 elementor-widget elementor-widget-text-editor\" data-id=\"cf28e20\" data-element_type=\"widget\" data-widget_type=\"text-editor.default\">\n\t\t\t\t<div class=\"elementor-widget-container\">\n\t\t\t<style>\/*! elementor - v3.20.0 - 20-03-2024 *\/\n.elementor-widget-text-editor.elementor-drop-cap-view-stacked .elementor-drop-cap{background-color:#69727d;color:#fff}.elementor-widget-text-editor.elementor-drop-cap-view-framed .elementor-drop-cap{color:#69727d;border:3px solid;background-color:transparent}.elementor-widget-text-editor:not(.elementor-drop-cap-view-default) .elementor-drop-cap{margin-top:8px}.elementor-widget-text-editor:not(.elementor-drop-cap-view-default) .elementor-drop-cap-letter{width:1em;height:1em}.elementor-widget-text-editor .elementor-drop-cap{float:left;text-align:center;line-height:1;font-size:50px}.elementor-widget-text-editor .elementor-drop-cap-letter{display:inline-block}<\/style>\t\t\t\t<h2><strong><em>APERITIF\u00a0<\/em><\/strong><\/h2><p><strong>\u00a0 \u00a0 \u00a0 \u00a0 NEW<\/strong><\/p><p>Bi\u00e8re de Bourgogne artisanale \u00ab\u00a0M\u00e9mories\u00a0\u00bb\u00a0 pale ale\u00a0 \u00a033 cl\u00a0 8.50 euros\u00a0<\/p><p>Porto rouge ou blanc 8 cl 4.70<\/p><p>Suze 6cl 4.70<\/p><p>Kir (cassis, mure, p\u00eache) 12 cl 4.20<\/p><p>Martini rouge ou blanc 6cl 4.70<\/p><p>Anis\u00e9 2 cl 3.50<\/p><p><strong>Cocktail avec alcool<\/strong><\/p><p>Arletty (4cl cr\u00e8me de cassis 10 cl de pinot noir gingembre et limonade) 8.50\u00a0<\/p><p>Spritz (4 cl d&rsquo;Ap\u00e9rol, 15 cl de cr\u00e9mant de bourgogne, 4 cl d&rsquo;eau p\u00e9tillante, tranche d&rsquo;orange 8.50\u00a0<\/p><p>Hugo Spritz (4 cl de liqueur de sureau, 15 cl de cr\u00e9mant de bourgogne, rondelle de citron vert, feuille de menthe et 10 cl d&rsquo;eau p\u00e9tillante) 8.50<\/p><p>Mojito (4 cl de rhum blanc, citron vert, feuille de menthe, 2cl de sirop de canne et 10 cl d&rsquo;eau gazeuse) 8.50<\/p><p>Pina colada (4 cl de rhum blanc, 10 cl de jus d&rsquo;ananas, cr\u00e8me de coco) 8.50<\/p><p><strong>Cocktail sans alcool<\/strong><\/p><p>Virgin mojito (citron vert, sucre de canne, sirop mojito, feuille de menthe, eau gazeuse) 7.00<\/p><p>Virgin Spritz ( sirop orange spitz, eau gazeuse, rondelle orange) 7.00<\/p><p>Bella Luna ( jus d&rsquo;orange, jus d&rsquo;ananas, citron vert et grenadine) 7.00<\/p><h2>FORMULE DU MIDI<\/h2><p>Mousse de ch\u00e8vre aux concombres\u00a0<\/p><p>\u00a7\u00a7\u00a7\u00a7\u00a7\u00a7\u00a7<\/p><p>Nage de moules de Bouchot et poisson blanc et son riz v\u00e9n\u00e9r\u00e9\u00a0<\/p><p>\u00a7\u00a7\u00a7\u00a7\u00a7<\/p><p>Tiramisu\u00a0<\/p><p><strong>SUGGESTIONS DU CHEF\u00a0<\/strong><\/p><p>Salade Oc\u00e9ane \u00ab\u00a0crevette ,saumon fum\u00e9, terrine de poisson\u00a0 ,mais ,tomate ,salade\u00a0\u00bb 19.50 euros\u00a0<\/p><p>Faux filet environ 220 grs ,sauce poivre\u00a0 et ses frites fra\u00eeches et salade\u00a0 26 euros\u00a0<\/p><p>Salade \u00e0 l&rsquo;italienne \u00ab\u00a0mozzarella ,jambon cru ,tomates confites ,olives noires \u00a0\u00bb 19.50 euros\u00a0<\/p><p>Boudin noir, sauce au miel et sa compot\u00e9e de pomme et son \u00e9cras\u00e9 de pomme de terre\u00a0 \u00a0 19 euros\u00a0<\/p><p>Queue de julienne ,sauce vierge et sa po\u00eal\u00e9e de courgettes\u00a0 24 euros\u00a0<\/p><p>\u00a0<\/p><h2><b>DESSERT<\/b><\/h2><p>Gaufre li\u00e9geoise au nutella ,glace vanille et chantilly 8.50 euros\u00a0<\/p><p>Coupe du jardin \u00a0\u00bb fraises et framboises fra\u00eeches et ses sorbets fraise et framboise ,coulis de fruits rouges\u00a0 et chantilly \u00a08.50 euros\u00a0<\/p><p>Profiterole glace vanille\u00a0 , sauce chocolat et chantilly\u00a0 7.50 euros\u00a0\u00a0<\/p><p><span style=\"font-size: 1.66667rem; background-color: var(--ast-global-color-5); color: var(--ast-global-color-2);\">ROUGE <\/span><\/p><p><b>Bourgogne Pinot Noir Drain<\/b> 2022<br \/><b style=\"font-style: inherit; background-color: var(--ast-global-color-5);\">Verre<\/b><span style=\"font-style: inherit; font-weight: inherit; background-color: var(--ast-global-color-5);\"> \/ 7 euros<\/span><span style=\"font-style: inherit; background-color: var(--ast-global-color-5);\"><br \/><\/span><span style=\"font-style: inherit; font-weight: inherit; background-color: var(--ast-global-color-5);\"><b>25 cl <\/b><\/span><span style=\"font-style: inherit; background-color: var(--ast-global-color-5);\"><span style=\"font-weight: inherit;\">\/ 13,50 euros<\/span><br \/><\/span><span style=\"font-style: inherit; font-weight: inherit; background-color: var(--ast-global-color-5);\"><b>50 cl <\/b><\/span><span style=\"font-style: inherit; background-color: var(--ast-global-color-5);\"><span style=\"font-weight: inherit;\">\/ 26.50 euros\u00a0<\/span><br \/><\/span><span style=\"font-style: inherit; font-weight: inherit; background-color: var(--ast-global-color-5);\"><b>75 cl <\/b><\/span><span style=\"font-style: inherit; font-weight: inherit; background-color: var(--ast-global-color-5);\">\/ 39 euros<\/span><\/p><p>Mercurey \u00ab\u00a0les bois de Lalier \u00a0\u00bb Philippe le Hardi 2022<\/p><p><span style=\"font-style: inherit; background-color: var(--ast-global-color-5);\"><b>Verre<\/b><\/span><span style=\"font-style: inherit; font-weight: inherit; background-color: var(--ast-global-color-5);\"> \/ 8.50 euros\u00a0<\/span><span style=\"font-style: inherit; font-weight: inherit; background-color: var(--ast-global-color-5);\"><br \/><\/span><span style=\"background-color: var(--ast-global-color-5); font-style: inherit;\"><b>25 cl<\/b><\/span><span style=\"background-color: var(--ast-global-color-5); font-style: inherit; font-weight: inherit;\"> \/ 16.50 euros<br \/><\/span><span style=\"font-style: inherit; background-color: var(--ast-global-color-5);\"><b>50 cl<\/b><\/span><span style=\"font-style: inherit; font-weight: inherit; background-color: var(--ast-global-color-5);\"> \/ 32.00 euros<br \/><\/span><span style=\"font-style: inherit; background-color: var(--ast-global-color-5);\"><b>75 cl<\/b><\/span><span style=\"font-style: inherit; font-weight: inherit; background-color: var(--ast-global-color-5);\"> \/ 48 euros<\/span><\/p><p>Savigny les Beaune\u00a0 \u00a0 \u00ab\u00a0domaine Cornu\u00a0\u00bb 2024<\/p><p><span style=\"font-style: inherit; background-color: var(--ast-global-color-5);\"><b>Verre<\/b><\/span><span style=\"font-style: inherit; font-weight: inherit; background-color: var(--ast-global-color-5);\"> \/ 8.50 euros<\/span><span style=\"font-style: inherit; font-weight: inherit; background-color: var(--ast-global-color-5);\"><br \/><\/span><span style=\"font-style: inherit; background-color: var(--ast-global-color-5);\"><b>25 cl<\/b><\/span><span style=\"font-style: inherit; font-weight: inherit; background-color: var(--ast-global-color-5);\"> \/146.50 euros<br \/><\/span><span style=\"font-style: inherit; background-color: var(--ast-global-color-5);\"><b>50 cl<\/b><\/span><span style=\"font-style: inherit; font-weight: inherit; background-color: var(--ast-global-color-5);\"> \/ 32 euros<br \/><\/span><span style=\"font-style: inherit; background-color: var(--ast-global-color-5);\"><b>75 cl <\/b><\/span><span style=\"font-style: inherit; font-weight: inherit; background-color: var(--ast-global-color-5);\">\/ 48 euros<br \/><\/span><span style=\"font-size: 1.66667rem; background-color: var(--ast-global-color-5); color: var(--ast-global-color-2); font-style: inherit; font-weight: bold;\"><br \/>BLANCS<\/span><\/p><p><b style=\"font-style: inherit; background-color: var(--ast-global-color-5);\">St Bris \u00ab\u00a0Goichot\u00a0\u00bb 2023<\/b><\/p><p><span style=\"font-style: inherit; font-weight: inherit; background-color: var(--ast-global-color-5);\"><b>Verre<\/b><\/span><span style=\"font-style: inherit; background-color: var(--ast-global-color-5);\"><span style=\"font-weight: inherit;\"> \/ 7.00 euros<\/span><br \/><\/span><span style=\"font-style: inherit; font-weight: inherit; background-color: var(--ast-global-color-5);\"><b>25 cl <\/b><\/span><span style=\"font-style: inherit; background-color: var(--ast-global-color-5);\"><span style=\"font-weight: inherit;\">\/ 13.50 euros<\/span><br \/><\/span><span style=\"font-style: inherit; font-weight: inherit; background-color: var(--ast-global-color-5);\"><b>50 cl <\/b><\/span><span style=\"font-style: inherit; background-color: var(--ast-global-color-5);\"><span style=\"font-weight: inherit;\">\/ 26.50 euros<\/span><br \/><\/span><span style=\"font-style: inherit; font-weight: inherit; background-color: var(--ast-global-color-5);\"><b>75 cl<\/b><\/span><span style=\"font-style: inherit; font-weight: inherit; background-color: var(--ast-global-color-5);\"> \/ 42.00 euros<\/span><\/p><p><b>Vir\u00e9-cliss\u00e9\u00a0 \u00ab\u00a0Andr\u00e9 Goichot\u00a0\u00bb 2024<\/b><br \/><span style=\"font-style: inherit; background-color: var(--ast-global-color-5);\"><b>Verre <\/b><\/span><span style=\"font-style: inherit; font-weight: inherit; background-color: var(--ast-global-color-5);\">\/ 8 euros<\/span><span style=\"font-style: inherit; font-weight: inherit; background-color: var(--ast-global-color-5);\"><br \/><\/span><span style=\"font-style: inherit; background-color: var(--ast-global-color-5);\"><b>25 cl <\/b><\/span><span style=\"font-style: inherit; font-weight: inherit; background-color: var(--ast-global-color-5);\">\/ 15,50 euros<br \/><\/span><span style=\"font-style: inherit; background-color: var(--ast-global-color-5);\"><b>50 cl<\/b><\/span><span style=\"font-style: inherit; font-weight: inherit; background-color: var(--ast-global-color-5);\"> 30 euros<br \/><\/span><span style=\"font-style: inherit; background-color: var(--ast-global-color-5);\"><b>75 cl<\/b><\/span><span style=\"font-style: inherit; font-weight: inherit; background-color: var(--ast-global-color-5);\"> \/ 44 euros<\/span><\/p><p>SAINT VERAN TRIBOULET 2023<\/p><p>Verre \/7.00 euros\u00a0<\/p><p>25 cl \/ 13.50 euros\u00a0<\/p><p>50 cl \/ 26.50 euros\u00a0<\/p><p>75 cl \/ 39 euros\u00a0<\/p><p><span style=\"font-size: 1.66667rem; background-color: var(--ast-global-color-5); color: var(--ast-global-color-2); font-style: inherit; font-weight: bold;\">ROS\u00c9S<\/span><\/p><p><b>Brise Marine<\/b> I.G.P M\u00e9diterran\u00e9en<br \/><span style=\"font-style: inherit; background-color: var(--ast-global-color-5);\"><b>Verre<\/b><\/span><span style=\"font-style: inherit; font-weight: inherit; background-color: var(--ast-global-color-5);\"> \/ 4,50 euros<\/span><span style=\"font-style: inherit; font-weight: inherit; background-color: var(--ast-global-color-5);\">\u00a0<br \/><\/span><span style=\"font-style: inherit; background-color: var(--ast-global-color-5);\"><b>25 cl <\/b><\/span><span style=\"font-style: inherit; font-weight: inherit; background-color: var(--ast-global-color-5);\">\/ 8,50 euros<br \/><\/span><span style=\"font-style: inherit; background-color: var(--ast-global-color-5);\"><b>50 cl <\/b><\/span><span style=\"font-style: inherit; font-weight: inherit; background-color: var(--ast-global-color-5);\">\/ 16,50 euros<br \/><\/span><span style=\"font-style: inherit; background-color: var(--ast-global-color-5);\"><b>75 cl<\/b><\/span><span style=\"font-style: inherit; font-weight: inherit; background-color: var(--ast-global-color-5);\"> \/ 25 euros<\/span><\/p><p><span style=\"font-style: inherit; font-weight: inherit; background-color: var(--ast-global-color-5);\">\u00a0<\/span><\/p><p><span style=\"font-style: inherit; font-weight: inherit; background-color: var(--ast-global-color-5);\">\u00a0<\/span><\/p>\t\t\t\t\t\t<\/div>\n\t\t\t\t<\/div>\n\t\t\t\t\t<\/div>\n\t\t<\/div>\n\t\t\t\t\t<\/div>\n\t\t<\/section>\n\t\t\t\t<\/div>\n\t\t","protected":false},"excerpt":{"rendered":"<p>Les suggestions du Chef, Ap\u00e9ritif et vins du moment APERITIF\u00a0 \u00a0 \u00a0 \u00a0 \u00a0 NEW Bi\u00e8re de Bourgogne artisanale \u00ab\u00a0M\u00e9mories\u00a0\u00bb\u00a0 pale ale\u00a0 \u00a033 cl\u00a0 8.50 euros\u00a0 Porto rouge ou blanc 8 cl 4.70 Suze 6cl 4.70 Kir (cassis, mure, p\u00eache) 12 cl 4.20 Martini rouge ou blanc 6cl 4.70 Anis\u00e9 2 cl 3.50 Cocktail avec &hellip;<\/p>\n<p class=\"read-more\"> <a class=\"\" href=\"https:\/\/brasserielabourgogne.com\/index.php\/suggestions\/\"> <span class=\"screen-reader-text\">Suggestions<\/span> Lire la suite\u00a0\u00bb<\/a><\/p>\n","protected":false},"author":1,"featured_media":0,"parent":0,"menu_order":0,"comment_status":"closed","ping_status":"closed","template":"","meta":{"_monsterinsights_skip_tracking":false,"_monsterinsights_sitenote_active":false,"_monsterinsights_sitenote_note":"","_monsterinsights_sitenote_category":0,"site-sidebar-layout":"no-sidebar","site-content-layout":"page-builder","ast-global-header-display":"","ast-main-header-display":"","ast-hfb-above-header-display":"","ast-hfb-below-header-display":"","ast-hfb-mobile-header-display":"","site-post-title":"disabled","ast-breadcrumbs-content":"","ast-featured-img":"disabled","footer-sml-layout":"","theme-transparent-header-meta":"","adv-header-id-meta":"","stick-header-meta":"","header-above-stick-meta":"","header-main-stick-meta":"","header-below-stick-meta":"","footnotes":""},"class_list":["post-2131","page","type-page","status-publish","hentry"],"yoast_head":"<!-- This site is optimized with the Yoast SEO plugin v22.3 - https:\/\/yoast.com\/wordpress\/plugins\/seo\/ -->\n<title>Suggestions - Brasserie la Bourgogne<\/title>\n<meta name=\"robots\" content=\"index, follow, max-snippet:-1, max-image-preview:large, max-video-preview:-1\" \/>\n<link rel=\"canonical\" href=\"https:\/\/brasserielabourgogne.com\/index.php\/suggestions\/\" \/>\n<meta property=\"og:locale\" content=\"fr_FR\" \/>\n<meta property=\"og:type\" content=\"article\" \/>\n<meta property=\"og:title\" content=\"Suggestions - Brasserie la Bourgogne\" \/>\n<meta property=\"og:description\" content=\"Les suggestions du Chef, Ap\u00e9ritif et vins du moment APERITIF\u00a0 \u00a0 \u00a0 \u00a0 \u00a0 NEW Bi\u00e8re de Bourgogne artisanale \u00ab\u00a0M\u00e9mories\u00a0\u00bb\u00a0 pale ale\u00a0 \u00a033 cl\u00a0 8.50 euros\u00a0 Porto rouge ou blanc 8 cl 4.70 Suze 6cl 4.70 Kir (cassis, mure, p\u00eache) 12 cl 4.20 Martini rouge ou blanc 6cl 4.70 Anis\u00e9 2 cl 3.50 Cocktail avec &hellip; Suggestions Lire la suite\u00a0\u00bb\" \/>\n<meta property=\"og:url\" content=\"https:\/\/brasserielabourgogne.com\/index.php\/suggestions\/\" \/>\n<meta property=\"og:site_name\" content=\"Brasserie la Bourgogne\" \/>\n<meta property=\"article:modified_time\" content=\"2026-04-29T09:29:05+00:00\" \/>\n<meta name=\"twitter:card\" content=\"summary_large_image\" \/>\n<meta name=\"twitter:label1\" content=\"Dur\u00e9e de lecture estim\u00e9e\" \/>\n\t<meta name=\"twitter:data1\" content=\"3 minutes\" \/>\n<script type=\"application\/ld+json\" class=\"yoast-schema-graph\">{\"@context\":\"https:\/\/schema.org\",\"@graph\":[{\"@type\":\"WebPage\",\"@id\":\"https:\/\/brasserielabourgogne.com\/index.php\/suggestions\/\",\"url\":\"https:\/\/brasserielabourgogne.com\/index.php\/suggestions\/\",\"name\":\"Suggestions - Brasserie la Bourgogne\",\"isPartOf\":{\"@id\":\"https:\/\/brasserielabourgogne.com\/#website\"},\"datePublished\":\"2025-03-08T07:45:13+00:00\",\"dateModified\":\"2026-04-29T09:29:05+00:00\",\"breadcrumb\":{\"@id\":\"https:\/\/brasserielabourgogne.com\/index.php\/suggestions\/#breadcrumb\"},\"inLanguage\":\"fr-FR\",\"potentialAction\":[{\"@type\":\"ReadAction\",\"target\":[\"https:\/\/brasserielabourgogne.com\/index.php\/suggestions\/\"]}]},{\"@type\":\"BreadcrumbList\",\"@id\":\"https:\/\/brasserielabourgogne.com\/index.php\/suggestions\/#breadcrumb\",\"itemListElement\":[{\"@type\":\"ListItem\",\"position\":1,\"name\":\"Accueil\",\"item\":\"https:\/\/brasserielabourgogne.com\/\"},{\"@type\":\"ListItem\",\"position\":2,\"name\":\"Suggestions\"}]},{\"@type\":\"WebSite\",\"@id\":\"https:\/\/brasserielabourgogne.com\/#website\",\"url\":\"https:\/\/brasserielabourgogne.com\/\",\"name\":\"Brasserie la Bourgogne\",\"description\":\"\",\"publisher\":{\"@id\":\"https:\/\/brasserielabourgogne.com\/#organization\"},\"potentialAction\":[{\"@type\":\"SearchAction\",\"target\":{\"@type\":\"EntryPoint\",\"urlTemplate\":\"https:\/\/brasserielabourgogne.com\/?s={search_term_string}\"},\"query-input\":\"required name=search_term_string\"}],\"inLanguage\":\"fr-FR\"},{\"@type\":\"Organization\",\"@id\":\"https:\/\/brasserielabourgogne.com\/#organization\",\"name\":\"Brasserie la Bourgogne\",\"url\":\"https:\/\/brasserielabourgogne.com\/\",\"logo\":{\"@type\":\"ImageObject\",\"inLanguage\":\"fr-FR\",\"@id\":\"https:\/\/brasserielabourgogne.com\/#\/schema\/logo\/image\/\",\"url\":\"https:\/\/brasserielabourgogne.com\/wp-content\/uploads\/2022\/05\/cropped-logo.png\",\"contentUrl\":\"https:\/\/brasserielabourgogne.com\/wp-content\/uploads\/2022\/05\/cropped-logo.png\",\"width\":778,\"height\":124,\"caption\":\"Brasserie la Bourgogne\"},\"image\":{\"@id\":\"https:\/\/brasserielabourgogne.com\/#\/schema\/logo\/image\/\"}}]}<\/script>\n<!-- \/ Yoast SEO plugin. -->","yoast_head_json":{"title":"Suggestions - Brasserie la Bourgogne","robots":{"index":"index","follow":"follow","max-snippet":"max-snippet:-1","max-image-preview":"max-image-preview:large","max-video-preview":"max-video-preview:-1"},"canonical":"https:\/\/brasserielabourgogne.com\/index.php\/suggestions\/","og_locale":"fr_FR","og_type":"article","og_title":"Suggestions - Brasserie la Bourgogne","og_description":"Les suggestions du Chef, Ap\u00e9ritif et vins du moment APERITIF\u00a0 \u00a0 \u00a0 \u00a0 \u00a0 NEW Bi\u00e8re de Bourgogne artisanale \u00ab\u00a0M\u00e9mories\u00a0\u00bb\u00a0 pale ale\u00a0 \u00a033 cl\u00a0 8.50 euros\u00a0 Porto rouge ou blanc 8 cl 4.70 Suze 6cl 4.70 Kir (cassis, mure, p\u00eache) 12 cl 4.20 Martini rouge ou blanc 6cl 4.70 Anis\u00e9 2 cl 3.50 Cocktail avec &hellip; Suggestions Lire la suite\u00a0\u00bb","og_url":"https:\/\/brasserielabourgogne.com\/index.php\/suggestions\/","og_site_name":"Brasserie la Bourgogne","article_modified_time":"2026-04-29T09:29:05+00:00","twitter_card":"summary_large_image","twitter_misc":{"Dur\u00e9e de lecture estim\u00e9e":"3 minutes"},"schema":{"@context":"https:\/\/schema.org","@graph":[{"@type":"WebPage","@id":"https:\/\/brasserielabourgogne.com\/index.php\/suggestions\/","url":"https:\/\/brasserielabourgogne.com\/index.php\/suggestions\/","name":"Suggestions - Brasserie la Bourgogne","isPartOf":{"@id":"https:\/\/brasserielabourgogne.com\/#website"},"datePublished":"2025-03-08T07:45:13+00:00","dateModified":"2026-04-29T09:29:05+00:00","breadcrumb":{"@id":"https:\/\/brasserielabourgogne.com\/index.php\/suggestions\/#breadcrumb"},"inLanguage":"fr-FR","potentialAction":[{"@type":"ReadAction","target":["https:\/\/brasserielabourgogne.com\/index.php\/suggestions\/"]}]},{"@type":"BreadcrumbList","@id":"https:\/\/brasserielabourgogne.com\/index.php\/suggestions\/#breadcrumb","itemListElement":[{"@type":"ListItem","position":1,"name":"Accueil","item":"https:\/\/brasserielabourgogne.com\/"},{"@type":"ListItem","position":2,"name":"Suggestions"}]},{"@type":"WebSite","@id":"https:\/\/brasserielabourgogne.com\/#website","url":"https:\/\/brasserielabourgogne.com\/","name":"Brasserie la Bourgogne","description":"","publisher":{"@id":"https:\/\/brasserielabourgogne.com\/#organization"},"potentialAction":[{"@type":"SearchAction","target":{"@type":"EntryPoint","urlTemplate":"https:\/\/brasserielabourgogne.com\/?s={search_term_string}"},"query-input":"required name=search_term_string"}],"inLanguage":"fr-FR"},{"@type":"Organization","@id":"https:\/\/brasserielabourgogne.com\/#organization","name":"Brasserie la Bourgogne","url":"https:\/\/brasserielabourgogne.com\/","logo":{"@type":"ImageObject","inLanguage":"fr-FR","@id":"https:\/\/brasserielabourgogne.com\/#\/schema\/logo\/image\/","url":"https:\/\/brasserielabourgogne.com\/wp-content\/uploads\/2022\/05\/cropped-logo.png","contentUrl":"https:\/\/brasserielabourgogne.com\/wp-content\/uploads\/2022\/05\/cropped-logo.png","width":778,"height":124,"caption":"Brasserie la Bourgogne"},"image":{"@id":"https:\/\/brasserielabourgogne.com\/#\/schema\/logo\/image\/"}}]}},"_links":{"self":[{"href":"https:\/\/brasserielabourgogne.com\/index.php\/wp-json\/wp\/v2\/pages\/2131","targetHints":{"allow":["GET"]}}],"collection":[{"href":"https:\/\/brasserielabourgogne.com\/index.php\/wp-json\/wp\/v2\/pages"}],"about":[{"href":"https:\/\/brasserielabourgogne.com\/index.php\/wp-json\/wp\/v2\/types\/page"}],"author":[{"embeddable":true,"href":"https:\/\/brasserielabourgogne.com\/index.php\/wp-json\/wp\/v2\/users\/1"}],"replies":[{"embeddable":true,"href":"https:\/\/brasserielabourgogne.com\/index.php\/wp-json\/wp\/v2\/comments?post=2131"}],"version-history":[{"count":961,"href":"https:\/\/brasserielabourgogne.com\/index.php\/wp-json\/wp\/v2\/pages\/2131\/revisions"}],"predecessor-version":[{"id":3563,"href":"https:\/\/brasserielabourgogne.com\/index.php\/wp-json\/wp\/v2\/pages\/2131\/revisions\/3563"}],"wp:attachment":[{"href":"https:\/\/brasserielabourgogne.com\/index.php\/wp-json\/wp\/v2\/media?parent=2131"}],"curies":[{"name":"wp","href":"https:\/\/api.w.org\/{rel}","templated":true}]}}