{"id":632,"date":"2022-05-26T09:52:17","date_gmt":"2022-05-26T07:52:17","guid":{"rendered":"https:\/\/brasserielabourgogne.com\/?page_id=632"},"modified":"2022-05-26T09:58:02","modified_gmt":"2022-05-26T07:58:02","slug":"mentions-legales","status":"publish","type":"page","link":"https:\/\/brasserielabourgogne.com\/index.php\/mentions-legales\/","title":{"rendered":"Mentions l\u00e9gales"},"content":{"rendered":"\t\t<div data-elementor-type=\"wp-page\" data-elementor-id=\"632\" class=\"elementor elementor-632\">\n\t\t\t\t\t\t<section class=\"elementor-section elementor-top-section elementor-element elementor-element-5415796 elementor-section-boxed elementor-section-height-default elementor-section-height-default\" data-id=\"5415796\" data-element_type=\"section\">\n\t\t\t\t\t\t<div class=\"elementor-container elementor-column-gap-default\">\n\t\t\t\t\t<div class=\"elementor-column elementor-col-100 elementor-top-column elementor-element elementor-element-3042c1e\" data-id=\"3042c1e\" data-element_type=\"column\">\n\t\t\t<div class=\"elementor-widget-wrap elementor-element-populated\">\n\t\t\t\t\t\t<div class=\"elementor-element elementor-element-37e70d4 elementor-widget elementor-widget-spacer\" data-id=\"37e70d4\" data-element_type=\"widget\" data-widget_type=\"spacer.default\">\n\t\t\t\t<div class=\"elementor-widget-container\">\n\t\t\t<style>\/*! elementor - v3.20.0 - 20-03-2024 *\/\n.elementor-column .elementor-spacer-inner{height:var(--spacer-size)}.e-con{--container-widget-width:100%}.e-con-inner>.elementor-widget-spacer,.e-con>.elementor-widget-spacer{width:var(--container-widget-width,var(--spacer-size));--align-self:var(--container-widget-align-self,initial);--flex-shrink:0}.e-con-inner>.elementor-widget-spacer>.elementor-widget-container,.e-con>.elementor-widget-spacer>.elementor-widget-container{height:100%;width:100%}.e-con-inner>.elementor-widget-spacer>.elementor-widget-container>.elementor-spacer,.e-con>.elementor-widget-spacer>.elementor-widget-container>.elementor-spacer{height:100%}.e-con-inner>.elementor-widget-spacer>.elementor-widget-container>.elementor-spacer>.elementor-spacer-inner,.e-con>.elementor-widget-spacer>.elementor-widget-container>.elementor-spacer>.elementor-spacer-inner{height:var(--container-widget-height,var(--spacer-size))}.e-con-inner>.elementor-widget-spacer.elementor-widget-empty,.e-con>.elementor-widget-spacer.elementor-widget-empty{position:relative;min-height:22px;min-width:22px}.e-con-inner>.elementor-widget-spacer.elementor-widget-empty .elementor-widget-empty-icon,.e-con>.elementor-widget-spacer.elementor-widget-empty .elementor-widget-empty-icon{position:absolute;top:0;bottom:0;left:0;right:0;margin:auto;padding:0;width:22px;height:22px}<\/style>\t\t<div class=\"elementor-spacer\">\n\t\t\t<div class=\"elementor-spacer-inner\"><\/div>\n\t\t<\/div>\n\t\t\t\t<\/div>\n\t\t\t\t<\/div>\n\t\t\t\t<div class=\"elementor-element elementor-element-12d3434 elementor-widget elementor-widget-heading\" data-id=\"12d3434\" data-element_type=\"widget\" data-widget_type=\"heading.default\">\n\t\t\t\t<div class=\"elementor-widget-container\">\n\t\t\t<style>\/*! elementor - v3.20.0 - 20-03-2024 *\/\n.elementor-heading-title{padding:0;margin:0;line-height:1}.elementor-widget-heading .elementor-heading-title[class*=elementor-size-]>a{color:inherit;font-size:inherit;line-height:inherit}.elementor-widget-heading .elementor-heading-title.elementor-size-small{font-size:15px}.elementor-widget-heading .elementor-heading-title.elementor-size-medium{font-size:19px}.elementor-widget-heading .elementor-heading-title.elementor-size-large{font-size:29px}.elementor-widget-heading .elementor-heading-title.elementor-size-xl{font-size:39px}.elementor-widget-heading .elementor-heading-title.elementor-size-xxl{font-size:59px}<\/style><h2 class=\"elementor-heading-title elementor-size-default\">Mentions l\u00e9gales<\/h2>\t\t<\/div>\n\t\t\t\t<\/div>\n\t\t\t\t<div class=\"elementor-element elementor-element-ad6db5a elementor-widget elementor-widget-text-editor\" data-id=\"ad6db5a\" data-element_type=\"widget\" data-widget_type=\"text-editor.default\">\n\t\t\t\t<div class=\"elementor-widget-container\">\n\t\t\t<style>\/*! elementor - v3.20.0 - 20-03-2024 *\/\n.elementor-widget-text-editor.elementor-drop-cap-view-stacked .elementor-drop-cap{background-color:#69727d;color:#fff}.elementor-widget-text-editor.elementor-drop-cap-view-framed .elementor-drop-cap{color:#69727d;border:3px solid;background-color:transparent}.elementor-widget-text-editor:not(.elementor-drop-cap-view-default) .elementor-drop-cap{margin-top:8px}.elementor-widget-text-editor:not(.elementor-drop-cap-view-default) .elementor-drop-cap-letter{width:1em;height:1em}.elementor-widget-text-editor .elementor-drop-cap{float:left;text-align:center;line-height:1;font-size:50px}.elementor-widget-text-editor .elementor-drop-cap-letter{display:inline-block}<\/style>\t\t\t\t<p><b>Brasserie La Bourgogne<\/b><br \/>20 place de la R\u00e9publique<br \/>21000 Dijon<\/p><p>T\u00e9l 03 80 74 12 08<br \/>Responsable de la r\u00e9daction J\u00e9rome ALCARAZ<\/p><p>Forme juridique : Soci\u00e9t\u00e9 \u00e0 responsabilit\u00e9 limit\u00e9e<\/p><p>SIRET44765148000025<br \/>RCS DijonB 447 651 480<br \/>Capital social 8.000,00 euros<br \/>Immatriculation 14-03-2003<br \/>Nationalit\u00e9 France<br \/>Restauration traditionnelle 5610A<br \/>TVA : 50508918984<br \/>Site r\u00e9alis\u00e9 par studiozooloo.com\u00a0 2022<\/p><p>L&rsquo;h\u00e9bergement du site est fait par la soci\u00e9t\u00e9 OVH 2 rue Kellermann 59053 Roubaix www.ovh.fr<\/p>\t\t\t\t\t\t<\/div>\n\t\t\t\t<\/div>\n\t\t\t\t\t<\/div>\n\t\t<\/div>\n\t\t\t\t\t<\/div>\n\t\t<\/section>\n\t\t\t\t<\/div>\n\t\t","protected":false},"excerpt":{"rendered":"<p>Mentions l\u00e9gales Brasserie La Bourgogne20 place de la R\u00e9publique21000 Dijon T\u00e9l 03 80 74 12 08Responsable de la r\u00e9daction J\u00e9rome ALCARAZ Forme juridique : Soci\u00e9t\u00e9 \u00e0 responsabilit\u00e9 limit\u00e9e SIRET44765148000025RCS DijonB 447 651 480Capital social 8.000,00 eurosImmatriculation 14-03-2003Nationalit\u00e9 FranceRestauration traditionnelle 5610ATVA : 50508918984Site r\u00e9alis\u00e9 par studiozooloo.com\u00a0 2022 L&rsquo;h\u00e9bergement du site est fait par la soci\u00e9t\u00e9 OVH &hellip;<\/p>\n<p class=\"read-more\"> <a class=\"\" href=\"https:\/\/brasserielabourgogne.com\/index.php\/mentions-legales\/\"> <span class=\"screen-reader-text\">Mentions l\u00e9gales<\/span> Lire la suite\u00a0\u00bb<\/a><\/p>\n","protected":false},"author":1,"featured_media":0,"parent":0,"menu_order":0,"comment_status":"closed","ping_status":"closed","template":"","meta":{"_monsterinsights_skip_tracking":false,"_monsterinsights_sitenote_active":false,"_monsterinsights_sitenote_note":"","_monsterinsights_sitenote_category":0,"site-sidebar-layout":"no-sidebar","site-content-layout":"page-builder","ast-global-header-display":"","ast-main-header-display":"","ast-hfb-above-header-display":"","ast-hfb-below-header-display":"","ast-hfb-mobile-header-display":"","site-post-title":"disabled","ast-breadcrumbs-content":"","ast-featured-img":"disabled","footer-sml-layout":"","theme-transparent-header-meta":"","adv-header-id-meta":"","stick-header-meta":"","header-above-stick-meta":"","header-main-stick-meta":"","header-below-stick-meta":"","footnotes":""},"class_list":["post-632","page","type-page","status-publish","hentry"],"yoast_head":"<!-- This site is optimized with the Yoast SEO plugin v22.3 - https:\/\/yoast.com\/wordpress\/plugins\/seo\/ -->\n<title>Mentions l\u00e9gales - Brasserie la Bourgogne<\/title>\n<meta name=\"robots\" content=\"index, follow, max-snippet:-1, max-image-preview:large, max-video-preview:-1\" \/>\n<link rel=\"canonical\" href=\"https:\/\/brasserielabourgogne.com\/index.php\/mentions-legales\/\" \/>\n<meta property=\"og:locale\" content=\"fr_FR\" \/>\n<meta property=\"og:type\" content=\"article\" \/>\n<meta property=\"og:title\" content=\"Mentions l\u00e9gales - Brasserie la Bourgogne\" \/>\n<meta property=\"og:description\" content=\"Mentions l\u00e9gales Brasserie La Bourgogne20 place de la R\u00e9publique21000 Dijon T\u00e9l 03 80 74 12 08Responsable de la r\u00e9daction J\u00e9rome ALCARAZ Forme juridique : Soci\u00e9t\u00e9 \u00e0 responsabilit\u00e9 limit\u00e9e SIRET44765148000025RCS DijonB 447 651 480Capital social 8.000,00 eurosImmatriculation 14-03-2003Nationalit\u00e9 FranceRestauration traditionnelle 5610ATVA : 50508918984Site r\u00e9alis\u00e9 par studiozooloo.com\u00a0 2022 L&rsquo;h\u00e9bergement du site est fait par la soci\u00e9t\u00e9 OVH &hellip; Mentions l\u00e9gales Lire la suite\u00a0\u00bb\" \/>\n<meta property=\"og:url\" content=\"https:\/\/brasserielabourgogne.com\/index.php\/mentions-legales\/\" \/>\n<meta property=\"og:site_name\" content=\"Brasserie la Bourgogne\" \/>\n<meta property=\"article:modified_time\" content=\"2022-05-26T07:58:02+00:00\" \/>\n<meta name=\"twitter:card\" content=\"summary_large_image\" \/>\n<script type=\"application\/ld+json\" class=\"yoast-schema-graph\">{\"@context\":\"https:\/\/schema.org\",\"@graph\":[{\"@type\":\"WebPage\",\"@id\":\"https:\/\/brasserielabourgogne.com\/index.php\/mentions-legales\/\",\"url\":\"https:\/\/brasserielabourgogne.com\/index.php\/mentions-legales\/\",\"name\":\"Mentions l\u00e9gales - Brasserie la Bourgogne\",\"isPartOf\":{\"@id\":\"https:\/\/brasserielabourgogne.com\/#website\"},\"datePublished\":\"2022-05-26T07:52:17+00:00\",\"dateModified\":\"2022-05-26T07:58:02+00:00\",\"breadcrumb\":{\"@id\":\"https:\/\/brasserielabourgogne.com\/index.php\/mentions-legales\/#breadcrumb\"},\"inLanguage\":\"fr-FR\",\"potentialAction\":[{\"@type\":\"ReadAction\",\"target\":[\"https:\/\/brasserielabourgogne.com\/index.php\/mentions-legales\/\"]}]},{\"@type\":\"BreadcrumbList\",\"@id\":\"https:\/\/brasserielabourgogne.com\/index.php\/mentions-legales\/#breadcrumb\",\"itemListElement\":[{\"@type\":\"ListItem\",\"position\":1,\"name\":\"Accueil\",\"item\":\"https:\/\/brasserielabourgogne.com\/\"},{\"@type\":\"ListItem\",\"position\":2,\"name\":\"Mentions l\u00e9gales\"}]},{\"@type\":\"WebSite\",\"@id\":\"https:\/\/brasserielabourgogne.com\/#website\",\"url\":\"https:\/\/brasserielabourgogne.com\/\",\"name\":\"Brasserie la Bourgogne\",\"description\":\"\",\"publisher\":{\"@id\":\"https:\/\/brasserielabourgogne.com\/#organization\"},\"potentialAction\":[{\"@type\":\"SearchAction\",\"target\":{\"@type\":\"EntryPoint\",\"urlTemplate\":\"https:\/\/brasserielabourgogne.com\/?s={search_term_string}\"},\"query-input\":\"required name=search_term_string\"}],\"inLanguage\":\"fr-FR\"},{\"@type\":\"Organization\",\"@id\":\"https:\/\/brasserielabourgogne.com\/#organization\",\"name\":\"Brasserie la Bourgogne\",\"url\":\"https:\/\/brasserielabourgogne.com\/\",\"logo\":{\"@type\":\"ImageObject\",\"inLanguage\":\"fr-FR\",\"@id\":\"https:\/\/brasserielabourgogne.com\/#\/schema\/logo\/image\/\",\"url\":\"https:\/\/brasserielabourgogne.com\/wp-content\/uploads\/2022\/05\/cropped-logo.png\",\"contentUrl\":\"https:\/\/brasserielabourgogne.com\/wp-content\/uploads\/2022\/05\/cropped-logo.png\",\"width\":778,\"height\":124,\"caption\":\"Brasserie la Bourgogne\"},\"image\":{\"@id\":\"https:\/\/brasserielabourgogne.com\/#\/schema\/logo\/image\/\"}}]}<\/script>\n<!-- \/ Yoast SEO plugin. -->","yoast_head_json":{"title":"Mentions l\u00e9gales - Brasserie la Bourgogne","robots":{"index":"index","follow":"follow","max-snippet":"max-snippet:-1","max-image-preview":"max-image-preview:large","max-video-preview":"max-video-preview:-1"},"canonical":"https:\/\/brasserielabourgogne.com\/index.php\/mentions-legales\/","og_locale":"fr_FR","og_type":"article","og_title":"Mentions l\u00e9gales - Brasserie la Bourgogne","og_description":"Mentions l\u00e9gales Brasserie La Bourgogne20 place de la R\u00e9publique21000 Dijon T\u00e9l 03 80 74 12 08Responsable de la r\u00e9daction J\u00e9rome ALCARAZ Forme juridique : Soci\u00e9t\u00e9 \u00e0 responsabilit\u00e9 limit\u00e9e SIRET44765148000025RCS DijonB 447 651 480Capital social 8.000,00 eurosImmatriculation 14-03-2003Nationalit\u00e9 FranceRestauration traditionnelle 5610ATVA : 50508918984Site r\u00e9alis\u00e9 par studiozooloo.com\u00a0 2022 L&rsquo;h\u00e9bergement du site est fait par la soci\u00e9t\u00e9 OVH &hellip; Mentions l\u00e9gales Lire la suite\u00a0\u00bb","og_url":"https:\/\/brasserielabourgogne.com\/index.php\/mentions-legales\/","og_site_name":"Brasserie la Bourgogne","article_modified_time":"2022-05-26T07:58:02+00:00","twitter_card":"summary_large_image","schema":{"@context":"https:\/\/schema.org","@graph":[{"@type":"WebPage","@id":"https:\/\/brasserielabourgogne.com\/index.php\/mentions-legales\/","url":"https:\/\/brasserielabourgogne.com\/index.php\/mentions-legales\/","name":"Mentions l\u00e9gales - Brasserie la Bourgogne","isPartOf":{"@id":"https:\/\/brasserielabourgogne.com\/#website"},"datePublished":"2022-05-26T07:52:17+00:00","dateModified":"2022-05-26T07:58:02+00:00","breadcrumb":{"@id":"https:\/\/brasserielabourgogne.com\/index.php\/mentions-legales\/#breadcrumb"},"inLanguage":"fr-FR","potentialAction":[{"@type":"ReadAction","target":["https:\/\/brasserielabourgogne.com\/index.php\/mentions-legales\/"]}]},{"@type":"BreadcrumbList","@id":"https:\/\/brasserielabourgogne.com\/index.php\/mentions-legales\/#breadcrumb","itemListElement":[{"@type":"ListItem","position":1,"name":"Accueil","item":"https:\/\/brasserielabourgogne.com\/"},{"@type":"ListItem","position":2,"name":"Mentions l\u00e9gales"}]},{"@type":"WebSite","@id":"https:\/\/brasserielabourgogne.com\/#website","url":"https:\/\/brasserielabourgogne.com\/","name":"Brasserie la Bourgogne","description":"","publisher":{"@id":"https:\/\/brasserielabourgogne.com\/#organization"},"potentialAction":[{"@type":"SearchAction","target":{"@type":"EntryPoint","urlTemplate":"https:\/\/brasserielabourgogne.com\/?s={search_term_string}"},"query-input":"required name=search_term_string"}],"inLanguage":"fr-FR"},{"@type":"Organization","@id":"https:\/\/brasserielabourgogne.com\/#organization","name":"Brasserie la Bourgogne","url":"https:\/\/brasserielabourgogne.com\/","logo":{"@type":"ImageObject","inLanguage":"fr-FR","@id":"https:\/\/brasserielabourgogne.com\/#\/schema\/logo\/image\/","url":"https:\/\/brasserielabourgogne.com\/wp-content\/uploads\/2022\/05\/cropped-logo.png","contentUrl":"https:\/\/brasserielabourgogne.com\/wp-content\/uploads\/2022\/05\/cropped-logo.png","width":778,"height":124,"caption":"Brasserie la Bourgogne"},"image":{"@id":"https:\/\/brasserielabourgogne.com\/#\/schema\/logo\/image\/"}}]}},"_links":{"self":[{"href":"https:\/\/brasserielabourgogne.com\/index.php\/wp-json\/wp\/v2\/pages\/632","targetHints":{"allow":["GET"]}}],"collection":[{"href":"https:\/\/brasserielabourgogne.com\/index.php\/wp-json\/wp\/v2\/pages"}],"about":[{"href":"https:\/\/brasserielabourgogne.com\/index.php\/wp-json\/wp\/v2\/types\/page"}],"author":[{"embeddable":true,"href":"https:\/\/brasserielabourgogne.com\/index.php\/wp-json\/wp\/v2\/users\/1"}],"replies":[{"embeddable":true,"href":"https:\/\/brasserielabourgogne.com\/index.php\/wp-json\/wp\/v2\/comments?post=632"}],"version-history":[{"count":10,"href":"https:\/\/brasserielabourgogne.com\/index.php\/wp-json\/wp\/v2\/pages\/632\/revisions"}],"predecessor-version":[{"id":644,"href":"https:\/\/brasserielabourgogne.com\/index.php\/wp-json\/wp\/v2\/pages\/632\/revisions\/644"}],"wp:attachment":[{"href":"https:\/\/brasserielabourgogne.com\/index.php\/wp-json\/wp\/v2\/media?parent=632"}],"curies":[{"name":"wp","href":"https:\/\/api.w.org\/{rel}","templated":true}]}}