{"id":872,"date":"2022-05-27T08:47:04","date_gmt":"2022-05-27T06:47:04","guid":{"rendered":"https:\/\/brasserielabourgogne.com\/?page_id=872"},"modified":"2022-05-27T08:52:31","modified_gmt":"2022-05-27T06:52:31","slug":"politique-de-confidentialite-2","status":"publish","type":"page","link":"https:\/\/brasserielabourgogne.com\/index.php\/politique-de-confidentialite-2\/","title":{"rendered":"Politique de confidentialit\u00e9"},"content":{"rendered":"\t\t<div data-elementor-type=\"wp-page\" data-elementor-id=\"872\" class=\"elementor elementor-872\">\n\t\t\t\t\t\t<section class=\"elementor-section elementor-top-section elementor-element elementor-element-57b06bb elementor-section-boxed elementor-section-height-default elementor-section-height-default\" data-id=\"57b06bb\" data-element_type=\"section\">\n\t\t\t\t\t\t<div class=\"elementor-container elementor-column-gap-default\">\n\t\t\t\t\t<div class=\"elementor-column elementor-col-100 elementor-top-column elementor-element elementor-element-f30440b\" data-id=\"f30440b\" data-element_type=\"column\">\n\t\t\t<div class=\"elementor-widget-wrap elementor-element-populated\">\n\t\t\t\t\t\t<div class=\"elementor-element elementor-element-98380a7 elementor-widget elementor-widget-spacer\" data-id=\"98380a7\" data-element_type=\"widget\" data-widget_type=\"spacer.default\">\n\t\t\t\t<div class=\"elementor-widget-container\">\n\t\t\t<style>\/*! elementor - v3.20.0 - 20-03-2024 *\/\n.elementor-column .elementor-spacer-inner{height:var(--spacer-size)}.e-con{--container-widget-width:100%}.e-con-inner>.elementor-widget-spacer,.e-con>.elementor-widget-spacer{width:var(--container-widget-width,var(--spacer-size));--align-self:var(--container-widget-align-self,initial);--flex-shrink:0}.e-con-inner>.elementor-widget-spacer>.elementor-widget-container,.e-con>.elementor-widget-spacer>.elementor-widget-container{height:100%;width:100%}.e-con-inner>.elementor-widget-spacer>.elementor-widget-container>.elementor-spacer,.e-con>.elementor-widget-spacer>.elementor-widget-container>.elementor-spacer{height:100%}.e-con-inner>.elementor-widget-spacer>.elementor-widget-container>.elementor-spacer>.elementor-spacer-inner,.e-con>.elementor-widget-spacer>.elementor-widget-container>.elementor-spacer>.elementor-spacer-inner{height:var(--container-widget-height,var(--spacer-size))}.e-con-inner>.elementor-widget-spacer.elementor-widget-empty,.e-con>.elementor-widget-spacer.elementor-widget-empty{position:relative;min-height:22px;min-width:22px}.e-con-inner>.elementor-widget-spacer.elementor-widget-empty .elementor-widget-empty-icon,.e-con>.elementor-widget-spacer.elementor-widget-empty .elementor-widget-empty-icon{position:absolute;top:0;bottom:0;left:0;right:0;margin:auto;padding:0;width:22px;height:22px}<\/style>\t\t<div class=\"elementor-spacer\">\n\t\t\t<div class=\"elementor-spacer-inner\"><\/div>\n\t\t<\/div>\n\t\t\t\t<\/div>\n\t\t\t\t<\/div>\n\t\t\t\t<div class=\"elementor-element elementor-element-6793881 elementor-widget elementor-widget-heading\" data-id=\"6793881\" data-element_type=\"widget\" data-widget_type=\"heading.default\">\n\t\t\t\t<div class=\"elementor-widget-container\">\n\t\t\t<style>\/*! elementor - v3.20.0 - 20-03-2024 *\/\n.elementor-heading-title{padding:0;margin:0;line-height:1}.elementor-widget-heading .elementor-heading-title[class*=elementor-size-]>a{color:inherit;font-size:inherit;line-height:inherit}.elementor-widget-heading .elementor-heading-title.elementor-size-small{font-size:15px}.elementor-widget-heading .elementor-heading-title.elementor-size-medium{font-size:19px}.elementor-widget-heading .elementor-heading-title.elementor-size-large{font-size:29px}.elementor-widget-heading .elementor-heading-title.elementor-size-xl{font-size:39px}.elementor-widget-heading .elementor-heading-title.elementor-size-xxl{font-size:59px}<\/style><h2 class=\"elementor-heading-title elementor-size-default\">Politique de confidentialit\u00e9<\/h2>\t\t<\/div>\n\t\t\t\t<\/div>\n\t\t\t\t<div class=\"elementor-element elementor-element-182963c elementor-widget elementor-widget-text-editor\" data-id=\"182963c\" data-element_type=\"widget\" data-widget_type=\"text-editor.default\">\n\t\t\t\t<div class=\"elementor-widget-container\">\n\t\t\t<style>\/*! elementor - v3.20.0 - 20-03-2024 *\/\n.elementor-widget-text-editor.elementor-drop-cap-view-stacked .elementor-drop-cap{background-color:#69727d;color:#fff}.elementor-widget-text-editor.elementor-drop-cap-view-framed .elementor-drop-cap{color:#69727d;border:3px solid;background-color:transparent}.elementor-widget-text-editor:not(.elementor-drop-cap-view-default) .elementor-drop-cap{margin-top:8px}.elementor-widget-text-editor:not(.elementor-drop-cap-view-default) .elementor-drop-cap-letter{width:1em;height:1em}.elementor-widget-text-editor .elementor-drop-cap{float:left;text-align:center;line-height:1;font-size:50px}.elementor-widget-text-editor .elementor-drop-cap-letter{display:inline-block}<\/style>\t\t\t\t<p><strong>Qui sommes-nous ?<br \/><\/strong><span style=\"font-size: 16px;\">L&rsquo;adresse de notre site Web est : <a href=\"https:\/\/brasserielabourgogne.com\">https:\/\/brasserielabourgogne.com<\/a><\/span><strong><br \/>Consentement<\/strong><br \/>En s\u2019inscrivant \u00e0 nos services ou en remplissant un formulaire de contact sur notre site, vous convenez et acceptez que la Brasserie de Bourgogne <br \/>puissent recueillir, traiter, stocker et\/ou utiliser les donn\u00e9es personnelles soumises.. En nous donnant votre consentement, <br \/>vous conservez \u00e9galement le droit de rectification, le droit \u00e0 l\u2019oubli et\/ou le droit \u00e0 la suppression de vos donn\u00e9es personnelles.<\/p><p><strong>Finalit\u00e9 des traitements<\/strong><br \/>Vos donn\u00e9es personnelles sont collect\u00e9es sur ce site pour vous offrir un service personnalis\u00e9.<br \/>A cette fin, vous acceptez que nous puissions utiliser vos donn\u00e9es personnelles pour :<br \/>\u2013 vous envoyer nos propositions commerciales<br \/>\u2013 r\u00e9soudre les \u00e9ventuels probl\u00e8mes afin d\u2019am\u00e9liorer l\u2019utilisation de notre site<br \/>\u2013 vous informer sur nos services<br \/>\u2013 respecter nos obligations l\u00e9gales et r\u00e9glementaires<\/p><p><strong>Destinataire des donn\u00e9es personnelles\u00a0<\/strong><br \/>La Brasserie de Bourgogne\u00a0s\u2019engagent \u00e0 ne pas louer, vendre ou c\u00e9der \u00e0 des tiers les donn\u00e9es personnelles <br \/>que vous transmettez via les formulaires de contact de ce site Internet. Les donn\u00e9es personnelles vous concernant collect\u00e9es sur le site sont destin\u00e9es <br \/>\u00e0 l\u2019utilisation exclusive la Brasserie de Bourgogne.<\/p><p><strong>Utilisation des cookies<br \/><\/strong>La Brasserie de Bourgogne\u00a0\u00a0utilisent les cookies et le tracking pour mesurer ses audiences.<br \/>Les cookies sont des fichiers enregistr\u00e9s sur le disque dur de votre ordinateur lors de votre navigation sur Internet et notamment sur le site. <br \/>Un cookie ne sert pas \u00e0 recueillir des donn\u00e9es personnelles \u00e0 votre insu mais \u00e0 enregistrer des informations relatives <br \/>\u00e0 votre navigation sur le site qui pourront \u00eatre directement lues par la Brasserie de Bourgogne\u00a0\u00a0lors de vos visites et requ\u00eates ult\u00e9rieures sur le site.<\/p><p>L\u2019utilisateur peut d\u00e9sactiver l\u2019utilisation de cookies en s\u00e9lectionnant les param\u00e8tres appropri\u00e9s de son navigateur. Cependant, <br \/>une telle d\u00e9sactivation pourrait emp\u00eacher l\u2019utilisation de certaines fonctionnalit\u00e9s de ce site.\u00a0<\/p><p>L\u2019utilisateur est inform\u00e9 qu\u2019il peut s\u2019opposer \u00e0 l\u2019enregistrement de \u00ab cookies \u00bb en configurant son navigateur de la mani\u00e8re suivante :<br \/><strong>Mozilla Firefox<\/strong> &gt; Choisir le menu \u00ab outil \u00bb puis \u00ab Options \u00bb &gt; Ic\u00f4ne \u00ab vie priv\u00e9e \u00bb<br \/><strong>Safari<\/strong> (utilisateurs de MAC) &gt; Menu \u00ab Pr\u00e9f\u00e9rences\u00a0\u00bb &gt;\u00a0Onglet\u00a0\u00ab Confidentialit\u00e9 \u00a0\u00bb Bloquer tous les cookies<br \/><strong>Google Chrome<\/strong> &gt; Menu \u00ab Param\u00e8tres avanc\u00e9s\u00a0\u00bb &gt;\u00a0Onglet\u00a0\u00ab Confidentialit\u00e9 et s\u00e9curit\u00e9\u00a0\u00bb<\/p><p><strong>Cookies internes n\u00e9cessaires au site pour fonctionner<br \/><\/strong>Ces cookies permettent au site de fonctionner de mani\u00e8re optimale. Vous pouvez vous y opposer et les supprimer <br \/>en utilisant les param\u00e8tres de votre navigateur, cependant votre exp\u00e9rience utilisateur risque d\u2019\u00eatre d\u00e9grad\u00e9e.<\/p><p><strong>Cookies de mesure d\u2019audience<\/strong><br \/>Ce site utilise Google Analytics, le service de statistiques de Google<br \/>Google Analytics utilise des cookies pour aider la Brasserie de Bourgogne\u00a0\u00a0\u00e0 analyser la fr\u00e9quentation et l\u2019utilisation du site par ses utilisateurs.<\/p>\t\t\t\t\t\t<\/div>\n\t\t\t\t<\/div>\n\t\t\t\t\t<\/div>\n\t\t<\/div>\n\t\t\t\t\t<\/div>\n\t\t<\/section>\n\t\t\t\t<\/div>\n\t\t","protected":false},"excerpt":{"rendered":"<p>Politique de confidentialit\u00e9 Qui sommes-nous ?L&rsquo;adresse de notre site Web est : https:\/\/brasserielabourgogne.comConsentementEn s\u2019inscrivant \u00e0 nos services ou en remplissant un formulaire de contact sur notre site, vous convenez et acceptez que la Brasserie de Bourgogne puissent recueillir, traiter, stocker et\/ou utiliser les donn\u00e9es personnelles soumises.. En nous donnant votre consentement, vous conservez \u00e9galement le &hellip;<\/p>\n<p class=\"read-more\"> <a class=\"\" href=\"https:\/\/brasserielabourgogne.com\/index.php\/politique-de-confidentialite-2\/\"> <span class=\"screen-reader-text\">Politique de confidentialit\u00e9<\/span> Lire la suite\u00a0\u00bb<\/a><\/p>\n","protected":false},"author":1,"featured_media":0,"parent":0,"menu_order":0,"comment_status":"closed","ping_status":"closed","template":"","meta":{"_monsterinsights_skip_tracking":false,"_monsterinsights_sitenote_active":false,"_monsterinsights_sitenote_note":"","_monsterinsights_sitenote_category":0,"site-sidebar-layout":"no-sidebar","site-content-layout":"page-builder","ast-global-header-display":"","ast-main-header-display":"","ast-hfb-above-header-display":"","ast-hfb-below-header-display":"","ast-hfb-mobile-header-display":"","site-post-title":"disabled","ast-breadcrumbs-content":"","ast-featured-img":"disabled","footer-sml-layout":"","theme-transparent-header-meta":"","adv-header-id-meta":"","stick-header-meta":"","header-above-stick-meta":"","header-main-stick-meta":"","header-below-stick-meta":"","footnotes":""},"class_list":["post-872","page","type-page","status-publish","hentry"],"yoast_head":"<!-- This site is optimized with the Yoast SEO plugin v22.3 - https:\/\/yoast.com\/wordpress\/plugins\/seo\/ -->\n<title>Politique de confidentialit\u00e9 - Brasserie la Bourgogne<\/title>\n<meta name=\"robots\" content=\"index, follow, max-snippet:-1, max-image-preview:large, max-video-preview:-1\" \/>\n<link rel=\"canonical\" href=\"https:\/\/brasserielabourgogne.com\/index.php\/politique-de-confidentialite-2\/\" \/>\n<meta property=\"og:locale\" content=\"fr_FR\" \/>\n<meta property=\"og:type\" content=\"article\" \/>\n<meta property=\"og:title\" content=\"Politique de confidentialit\u00e9 - Brasserie la Bourgogne\" \/>\n<meta property=\"og:description\" content=\"Politique de confidentialit\u00e9 Qui sommes-nous ?L&rsquo;adresse de notre site Web est : https:\/\/brasserielabourgogne.comConsentementEn s\u2019inscrivant \u00e0 nos services ou en remplissant un formulaire de contact sur notre site, vous convenez et acceptez que la Brasserie de Bourgogne puissent recueillir, traiter, stocker et\/ou utiliser les donn\u00e9es personnelles soumises.. En nous donnant votre consentement, vous conservez \u00e9galement le &hellip; Politique de confidentialit\u00e9 Lire la suite\u00a0\u00bb\" \/>\n<meta property=\"og:url\" content=\"https:\/\/brasserielabourgogne.com\/index.php\/politique-de-confidentialite-2\/\" \/>\n<meta property=\"og:site_name\" content=\"Brasserie la Bourgogne\" \/>\n<meta property=\"article:modified_time\" content=\"2022-05-27T06:52:31+00:00\" \/>\n<meta name=\"twitter:card\" content=\"summary_large_image\" \/>\n<meta name=\"twitter:label1\" content=\"Dur\u00e9e de lecture estim\u00e9e\" \/>\n\t<meta name=\"twitter:data1\" content=\"2 minutes\" \/>\n<script type=\"application\/ld+json\" class=\"yoast-schema-graph\">{\"@context\":\"https:\/\/schema.org\",\"@graph\":[{\"@type\":\"WebPage\",\"@id\":\"https:\/\/brasserielabourgogne.com\/index.php\/politique-de-confidentialite-2\/\",\"url\":\"https:\/\/brasserielabourgogne.com\/index.php\/politique-de-confidentialite-2\/\",\"name\":\"Politique de confidentialit\u00e9 - Brasserie la Bourgogne\",\"isPartOf\":{\"@id\":\"https:\/\/brasserielabourgogne.com\/#website\"},\"datePublished\":\"2022-05-27T06:47:04+00:00\",\"dateModified\":\"2022-05-27T06:52:31+00:00\",\"breadcrumb\":{\"@id\":\"https:\/\/brasserielabourgogne.com\/index.php\/politique-de-confidentialite-2\/#breadcrumb\"},\"inLanguage\":\"fr-FR\",\"potentialAction\":[{\"@type\":\"ReadAction\",\"target\":[\"https:\/\/brasserielabourgogne.com\/index.php\/politique-de-confidentialite-2\/\"]}]},{\"@type\":\"BreadcrumbList\",\"@id\":\"https:\/\/brasserielabourgogne.com\/index.php\/politique-de-confidentialite-2\/#breadcrumb\",\"itemListElement\":[{\"@type\":\"ListItem\",\"position\":1,\"name\":\"Accueil\",\"item\":\"https:\/\/brasserielabourgogne.com\/\"},{\"@type\":\"ListItem\",\"position\":2,\"name\":\"Politique de confidentialit\u00e9\"}]},{\"@type\":\"WebSite\",\"@id\":\"https:\/\/brasserielabourgogne.com\/#website\",\"url\":\"https:\/\/brasserielabourgogne.com\/\",\"name\":\"Brasserie la Bourgogne\",\"description\":\"\",\"publisher\":{\"@id\":\"https:\/\/brasserielabourgogne.com\/#organization\"},\"potentialAction\":[{\"@type\":\"SearchAction\",\"target\":{\"@type\":\"EntryPoint\",\"urlTemplate\":\"https:\/\/brasserielabourgogne.com\/?s={search_term_string}\"},\"query-input\":\"required name=search_term_string\"}],\"inLanguage\":\"fr-FR\"},{\"@type\":\"Organization\",\"@id\":\"https:\/\/brasserielabourgogne.com\/#organization\",\"name\":\"Brasserie la Bourgogne\",\"url\":\"https:\/\/brasserielabourgogne.com\/\",\"logo\":{\"@type\":\"ImageObject\",\"inLanguage\":\"fr-FR\",\"@id\":\"https:\/\/brasserielabourgogne.com\/#\/schema\/logo\/image\/\",\"url\":\"https:\/\/brasserielabourgogne.com\/wp-content\/uploads\/2022\/05\/cropped-logo.png\",\"contentUrl\":\"https:\/\/brasserielabourgogne.com\/wp-content\/uploads\/2022\/05\/cropped-logo.png\",\"width\":778,\"height\":124,\"caption\":\"Brasserie la Bourgogne\"},\"image\":{\"@id\":\"https:\/\/brasserielabourgogne.com\/#\/schema\/logo\/image\/\"}}]}<\/script>\n<!-- \/ Yoast SEO plugin. -->","yoast_head_json":{"title":"Politique de confidentialit\u00e9 - Brasserie la Bourgogne","robots":{"index":"index","follow":"follow","max-snippet":"max-snippet:-1","max-image-preview":"max-image-preview:large","max-video-preview":"max-video-preview:-1"},"canonical":"https:\/\/brasserielabourgogne.com\/index.php\/politique-de-confidentialite-2\/","og_locale":"fr_FR","og_type":"article","og_title":"Politique de confidentialit\u00e9 - Brasserie la Bourgogne","og_description":"Politique de confidentialit\u00e9 Qui sommes-nous ?L&rsquo;adresse de notre site Web est : https:\/\/brasserielabourgogne.comConsentementEn s\u2019inscrivant \u00e0 nos services ou en remplissant un formulaire de contact sur notre site, vous convenez et acceptez que la Brasserie de Bourgogne puissent recueillir, traiter, stocker et\/ou utiliser les donn\u00e9es personnelles soumises.. En nous donnant votre consentement, vous conservez \u00e9galement le &hellip; Politique de confidentialit\u00e9 Lire la suite\u00a0\u00bb","og_url":"https:\/\/brasserielabourgogne.com\/index.php\/politique-de-confidentialite-2\/","og_site_name":"Brasserie la Bourgogne","article_modified_time":"2022-05-27T06:52:31+00:00","twitter_card":"summary_large_image","twitter_misc":{"Dur\u00e9e de lecture estim\u00e9e":"2 minutes"},"schema":{"@context":"https:\/\/schema.org","@graph":[{"@type":"WebPage","@id":"https:\/\/brasserielabourgogne.com\/index.php\/politique-de-confidentialite-2\/","url":"https:\/\/brasserielabourgogne.com\/index.php\/politique-de-confidentialite-2\/","name":"Politique de confidentialit\u00e9 - Brasserie la Bourgogne","isPartOf":{"@id":"https:\/\/brasserielabourgogne.com\/#website"},"datePublished":"2022-05-27T06:47:04+00:00","dateModified":"2022-05-27T06:52:31+00:00","breadcrumb":{"@id":"https:\/\/brasserielabourgogne.com\/index.php\/politique-de-confidentialite-2\/#breadcrumb"},"inLanguage":"fr-FR","potentialAction":[{"@type":"ReadAction","target":["https:\/\/brasserielabourgogne.com\/index.php\/politique-de-confidentialite-2\/"]}]},{"@type":"BreadcrumbList","@id":"https:\/\/brasserielabourgogne.com\/index.php\/politique-de-confidentialite-2\/#breadcrumb","itemListElement":[{"@type":"ListItem","position":1,"name":"Accueil","item":"https:\/\/brasserielabourgogne.com\/"},{"@type":"ListItem","position":2,"name":"Politique de confidentialit\u00e9"}]},{"@type":"WebSite","@id":"https:\/\/brasserielabourgogne.com\/#website","url":"https:\/\/brasserielabourgogne.com\/","name":"Brasserie la Bourgogne","description":"","publisher":{"@id":"https:\/\/brasserielabourgogne.com\/#organization"},"potentialAction":[{"@type":"SearchAction","target":{"@type":"EntryPoint","urlTemplate":"https:\/\/brasserielabourgogne.com\/?s={search_term_string}"},"query-input":"required name=search_term_string"}],"inLanguage":"fr-FR"},{"@type":"Organization","@id":"https:\/\/brasserielabourgogne.com\/#organization","name":"Brasserie la Bourgogne","url":"https:\/\/brasserielabourgogne.com\/","logo":{"@type":"ImageObject","inLanguage":"fr-FR","@id":"https:\/\/brasserielabourgogne.com\/#\/schema\/logo\/image\/","url":"https:\/\/brasserielabourgogne.com\/wp-content\/uploads\/2022\/05\/cropped-logo.png","contentUrl":"https:\/\/brasserielabourgogne.com\/wp-content\/uploads\/2022\/05\/cropped-logo.png","width":778,"height":124,"caption":"Brasserie la Bourgogne"},"image":{"@id":"https:\/\/brasserielabourgogne.com\/#\/schema\/logo\/image\/"}}]}},"_links":{"self":[{"href":"https:\/\/brasserielabourgogne.com\/index.php\/wp-json\/wp\/v2\/pages\/872","targetHints":{"allow":["GET"]}}],"collection":[{"href":"https:\/\/brasserielabourgogne.com\/index.php\/wp-json\/wp\/v2\/pages"}],"about":[{"href":"https:\/\/brasserielabourgogne.com\/index.php\/wp-json\/wp\/v2\/types\/page"}],"author":[{"embeddable":true,"href":"https:\/\/brasserielabourgogne.com\/index.php\/wp-json\/wp\/v2\/users\/1"}],"replies":[{"embeddable":true,"href":"https:\/\/brasserielabourgogne.com\/index.php\/wp-json\/wp\/v2\/comments?post=872"}],"version-history":[{"count":13,"href":"https:\/\/brasserielabourgogne.com\/index.php\/wp-json\/wp\/v2\/pages\/872\/revisions"}],"predecessor-version":[{"id":885,"href":"https:\/\/brasserielabourgogne.com\/index.php\/wp-json\/wp\/v2\/pages\/872\/revisions\/885"}],"wp:attachment":[{"href":"https:\/\/brasserielabourgogne.com\/index.php\/wp-json\/wp\/v2\/media?parent=872"}],"curies":[{"name":"wp","href":"https:\/\/api.w.org\/{rel}","templated":true}]}}